{"id":8464,"date":"2023-06-08T15:44:36","date_gmt":"2023-06-08T13:44:36","guid":{"rendered":"https:\/\/varesedoyoubike.it\/termini-e-condizioni-di-vendita\/"},"modified":"2023-06-14T12:33:19","modified_gmt":"2023-06-14T10:33:19","slug":"terms-and-conditions","status":"publish","type":"page","link":"https:\/\/varesedoyoubike.it\/en\/terms-and-conditions\/","title":{"rendered":"Terms and Conditions"},"content":{"rendered":"\n<h2 class=\"wp-block-heading\">Termini e condizioni di vendita<\/h2>\n\n<p><strong>Disposizioni generali<\/strong><\/p>\n\n<p>Le presenti condizioni sono valide esclusivamente tra la societ\u00e0 Promovarese Srl, con sede legale in piazza Monte Grappa 5, 21100 &#8211; Varese, e qualsiasi soggetto che effettui acquisti online sul sito internet <a href=\"https:\/\/shop-varesedoyoulake.it\/\">https:\/\/shop-varesedoyoulake.it\/<\/a>, di seguito denominato &#8221;CLIENTE&#8221;. Queste condizioni possono essere oggetto di modifiche e la data di pubblicazione delle stesse sul sito equivale alla data di entrata in vigore.<\/p>\n\n<p><strong>ARTICOLO 1 &#8211; Oggetto del contratto<\/strong><\/p>\n\n<p>Con le presenti condizioni generali di vendita, Promovarese Srl vende e il CLIENTE acquista a distanza i beni mobili materiali indicati ed offerti in vendita sul sito <a href=\"https:\/\/shop-varesedoyoulake.it\/\">https:\/\/shop-varesedoyoulake.it\/<\/a>. Il contratto si conclude esclusivamente attraverso la rete internet, mediante l&#8217;accesso del CLIENTE all&#8217;indirizzo <a href=\"https:\/\/shop-varesedoyoulake.it\/\">https:\/\/shop-varesedoyoulake.it\/<\/a> e la realizzazione di un ordine di acquisto secondo la procedura prevista dal sito stesso.<\/p>\n\n<p>Il contratto di compravendita si intende confermato da parte del CLIENTE al momento della conclusione della procedura di acquisto sul web. Tuttavia per Promovarese Srl il contratto si intende concluso solo nel momento in cui ha avuto luogo la spedizione ed \u00e8 stata notificata al cliente con apposita e\u2013mail di conferma. Tutto quanto non specificato \u00e8 disciplinato dal D.Lgs 206\/2005, modificato dal D.lgs 21\/2014 che regola la materia del commercio elettronico.<\/p>\n\n<p><strong>ARTICOLO 2 &#8211; Informazioni precontrattuali per il consumatore &#8211; art. 49 del D.lgs 206\/2005<\/strong><\/p>\n\n<p>Il CLIENTE prima della conclusione del contratto di acquisto, prende visione delle caratteristiche dei beni che vengono illustrate nelle singole schede prodotto al momento della scelta da parte del CLIENTE.<\/p>\n\n<p>Prima della conclusione del contratto di acquisto e prima della convalida dell&#8217;ordine con \u201cobbligo di pagamento\u201d, il CLIENTE \u00e8 informato relativamente a:<\/p>\n\n<p>&#8211; prezzo totale dei beni comprensivo delle imposte, con il dettaglio delle spese di spedizione e ogni altro costo;<\/p>\n\n<p>&#8211; modalit\u00e0 di pagamento.<\/p>\n\n<p>Il CLIENTE pu\u00f2 in qualsiasi momento e comunque prima della conclusione del contratto, prendere conoscenza delle informazioni relative a Promovarese Srl, l&#8217;indirizzo geografico, numero di telefono e fax, indirizzo di posta elettronica, informazioni che vengono riportate, anche di seguito:<\/p>\n\n<p><strong>PROMOVARESE SRL &#8211; sede legale piazza Monte Grappa 5 \u2013 21100 Varese <\/strong>P. IVA 02913900128 &#8211; CF 02913900128 &#8211; <strong>tel. 0332 295111<br\/>varesedoyoulake-shop@promovarese.it<\/strong><\/p>\n\n<p><strong>ARTICOLO 3 &#8211; Conclusione ed efficacia del contratto<\/strong><\/p>\n\n<p>Il contratto di vendita \u00e8 considerato concluso con l&#8217;invio da parte di Promovarese Srl al CLIENTE di un&#8217;e-mail di conferma dell&#8217;ordine. L&#8217;e-mail contiene i dati del CLIENTE e il numero d&#8217;ordine.<\/p>\n\n<p>Promovarese Srl si impegna a descrivere e presentare gli articoli venduti sul sito nel miglior modo possibile. Ciononostante potrebbero evidenziarsi alcuni errori, imprecisioni o piccole differenze tra il sito e il prodotto reale. Inoltre le fotografie dei prodotti presentati su <a href=\"https:\/\/shop-varesedoyoulake.it\/\">https:\/\/shop-varesedoyoulake.it\/<\/a> non costituiscono elemento contrattuale, in quanto solo rappresentative.<\/p>\n\n<p>Promovarese Srl si impegna a consegnare la merce entro 30 giorni decorrenti dell&#8217;invio da parte di Promovarese Srl dell&#8217;e-mail di conferma d&#8217;ordine al CLIENTE.<\/p>\n\n<p><strong>ARTICOLO 4 &#8211; Disponibilit\u00e0 dei prodotti<\/strong><\/p>\n\n<p>La disponibilit\u00e0 dei prodotti si riferisce alla disponibilit\u00e0 effettiva nel momento in cui il CLIENTE effettua l&#8217;ordine. Tale disponibilit\u00e0 deve comunque essere considerata puramente indicativa perch\u00e9, per effetto della contemporanea presenza sul sito di pi\u00f9 utenti, i prodotti potrebbero essere venduti ad altri CLIENTI prima della conferma dell&#8217;ordine.<\/p>\n\n<p>Anche in seguito all&#8217;invio dell&#8217;e-mail di conferma dell&#8217;ordine inviata da Promovarese Srl, potrebbero verificarsi casi di indisponibilit\u00e0 parziale o totale della merce. In questa eventualit\u00e0, l&#8217;ordine verr\u00e0 rettificato automaticamente con l&#8217;eliminazione del prodotto non disponibile e il CLIENTE verr\u00e0 immediatamente informato via e-mail.<\/p>\n\n<p>Se il CLIENTE richiede l&#8217;annullamento dell&#8217;ordine, risolvendo il contratto, Promovarese Srl rimborser\u00e0 l\u2019importo pagato entro 14 giorni dal giorno in cui Promovarese Srl ha avuto conoscenza della decisione del cliente di risolvere il contratto.<\/p>\n\n<p><strong>ARTICOLO 5 &#8211; Modalit\u00e0 di pagamento<\/strong><\/p>\n\n<p>Ogni pagamento da parte del CLIENTE potr\u00e0 avvenire unicamente per mezzo delle carte di credito indicate sul sito <a href=\"https:\/\/shop-varesedoyoulake.it\/\">https:\/\/shop-varesedoyoulake.it\/<\/a> o con metodo di pagamento Paypal.<\/p>\n\n<p>I pagamenti potranno essere effettuati anche con l&#8217;utilizzo di Coupon.<\/p>\n\n<p>Le comunicazioni relative al pagamento e i dati comunicati dal CLIENTE nel momento in cui questo viene effettuato avvengono su apposite linee protette. <\/p>\n\n<p><strong>ARTICOLO 6 \u2013 Prezzi<\/strong><\/p>\n\n<p>Tutti i prezzi di vendita dei prodotti indicati sul sito <a href=\"https:\/\/shop-varesedoyoulake.it\/\">https:\/\/shop-varesedoyoulake.it\/<\/a>, sono espressi in Euro e sono comprensivi di IVA, e ove previsto, del contributo Raee.<\/p>\n\n<p>I costi di spedizione non sono compresi nel prezzo d&#8217;acquisto, ma sono indicati e calcolati al momento della conclusione del processo di acquisto prima dell&#8217;effettuazione del pagamento.<\/p>\n\n<p>Il CLIENTE accetta la facolt\u00e0 di Promovarese Srl di modificare i suoi prezzi in qualsiasi momento, tuttavia la merce sar\u00e0 fatturata sulla base dei prezzi indicati sul sito al momento della creazione dell&#8217;ordine e indicati nell&#8217;e-mail di conferma inviata da Promovarese Srl al CLIENTE.<\/p>\n\n<p>In caso di errore informatico, manuale, tecnico, o di qualsiasi altra natura che possa comportare un cambiamento sostanziale, non previsto da Promovarese Srl, del prezzo di vendita al pubblico, che lo renda esorbitante o chiaramente irrisorio, l\u2019ordine d\u2019acquisto sar\u00e0 considerato non valido e annullato e l\u2019importo versato dal CLIENTE sar\u00e0 rimborsato entro 14 gg. dal giorno dell&#8217;annullamento.<\/p>\n\n<p><strong>ARTICOLO 7 &#8211; Diritto di recesso<\/strong><\/p>\n\n<p>Conformemente alle disposizioni legali in vigore, il CLIENTE ha diritto di recedere dall&#8217;acquisto senza alcuna penalit\u00e0 e senza specificarne il motivo, entro il termine di 14 giorni decorrenti dalla data di ricezione dei prodotti.<\/p>\n\n<p>In caso di acquisti multipli effettuati dal CLIENTE con un solo ordine e consegnati separatamente, il termine di 14 gg. decorre dalla data di ricezione dell&#8217;ultimo prodotto.<\/p>\n\n<p>Il CLIENTE che intende esercitare il diritto di recesso dovr\u00e0 comunicarlo a Promovarese Srl tramite dichiarazione esplicita, che potr\u00e0 essere trasmessa a mezzo raccomandata a.r. o via email a <strong>varesedoyoulake-shop@promovarese.it<\/strong><\/p>\n\n<p>In caso di esercizio del diritto di recesso, il CLIENTE \u00e8 tenuto a restituire i beni entro 14 giorni dal giorno in cui ha comunicato a PROMOVARESE SRL la propria volont\u00e0 di recedere dal contratto ai sensi dell&#8217;art. 57 del D.lgs 206\/2005.<\/p>\n\n<p>La merce dovr\u00e0 essere rispedita a PROMOVARESE SRL, presso la sede legale di piazza Monte Grappa 5 \u2013 21100 Varese.<\/p>\n\n<p>Nel caso di recesso con restituzione del prodotto presso un punto vendita, non \u00e8 necessaria la creazione della pratica di reso on line. <\/p>\n\n<p>I costi diretti della restituzione dei prodotti sono a carico del CLIENTE.<\/p>\n\n<p>La merce dovr\u00e0 essere restituita integra, nella confezione originale, completa in tutte le sue parti (compresi imballo ed eventuale documentazione e dotazione accessoria: manuali, ecc.) e completo della documentazione fiscale annessa. Fatta salva la facolt\u00e0 di verificare il rispetto di quanto sopra, Promovarese Srl provveder\u00e0 a rimborsare l&#8217;importo dei prodotti oggetto del recesso entro un termine massimo di 14 giorni, comprensivo degli eventuali costi di spedizione.<\/p>\n\n<p>Come previsto dall&#8217;art. 56 comma 3 del D.Lgs 206\/2005, modificato dal D.lgs 21\/2014, Promovarese Srl pu\u00f2 sospendere il rimborso fino al ricevimento dei beni oppure fino all&#8217;avvenuta dimostrazione da parte del CLIENTE di aver rispedito i beni a Promovarese Srl.<\/p>\n\n<p>Promovarese Srl eseguir\u00e0 il rimborso tramite bonifico e qualora il CLIENTE intenda esercitare il proprio diritto di recesso dovr\u00e0 fornire a Promovarese Srl, accedendo alla sezione contattaci, le coordinate bancarie: IBAN, SWIFT e BIC necessari all&#8217;effettuazione del rimborso, da parte di Promovarese Srl.<\/p>\n\n<p>In caso di recesso per l&#8217;acquisto effettuato con Coupon, l&#8217;importo verr\u00e0 restituito al CLIENTE con un buono acquisto identificato con un codice promozionale che verr\u00e0 inviato all&#8217;indirizzo di posta elettronica del CLIENTE oppure in caso di recesso esercitato presso un punto vendita, l&#8217;importo verr\u00e0 restituito con buono di acquisto consegnato al CLIENTE.<br\/>Il buono di acquisto avr\u00e0 validit\u00e0 di 1 anno e potr\u00e0 essere utilizzato dal CLIENTE per i successivi acquisti in un&#8217;unica soluzione.<\/p>\n\n<p><strong>ARTICOLO 8 &#8211; Garanzia legale di conformit\u00e0<\/strong><\/p>\n\n<p>In caso di ricezione di prodotti non conformi agli ordini o difettosi, il CLIENTE ha diritto al ripristino senza spese della conformit\u00e0 del prodotto mediante riparazione o sostituzione del prodotto. Il CLIENTE pu\u00f2 esercitare tale diritto se il difetto si manifesta entro il termine di due anni dalla consegna del bene e denuncia il difetto a Promovarese Srl entro due mesi dalla scoperta.<\/p>\n\n<p><strong>ARTICOLO 9 &#8211; Modalit\u00e0 di consegna<\/strong><\/p>\n\n<p>Promovarese Srl accetter\u00e0 ordini da consegnare sia nel territorio italiano che all\u2019estero, differenziando il costo di spedizione. I prodotti da consegnare nel territorio italiano saranno recapitati tramite corriere espresso all&#8217;indirizzo indicato dal CLIENTE al momento dell&#8217;ordine entro e non oltre 30 gg. dalla data di ricezione da parte del CLIENTE dell&#8217;e-mail di conferma ordine inviata da Promovarese Srl. <\/p>\n\n<p>Per tutti gli ordini da consegnare all&#8217;estero \u00e8 necessario mandare una mail a <strong>varesedoyoulake-shop@promovarese.it<\/strong> per conoscere tempi, costo e modalit\u00e0 di spedizione. <\/p>\n\n<p>Per ogni ordine effettuato sul sito <a href=\"https:\/\/shop-varesedoyoulake.it\/\">https:\/\/shop-varesedoyoulake.it\/<\/a>, PROMOVARESE SRL emette fattura della merce spedita. La fattura conterr\u00e0 le informazioni fornite dal CLIENTE durante la procedura di acquisto. Dopo l&#8217;emissione della fattura, non sar\u00e0 possibile apportare alcuna modifica ai dati indicati nella stessa.<\/p>\n\n<p><strong>ARTICOLO 10 \u2013 Responsabilit\u00e0<\/strong><\/p>\n\n<p>PROMOVARESE SRL non assume alcuna responsabilit\u00e0 per disservizi imputabili a causa di forza maggiore o caso fortuito, anche ove dipendenti da malfunzionamenti e disservizi della rete internet, nel caso in cui non riesca a dare esecuzione all&#8217;ordine nei tempi previsti dal contratto.<\/p>\n\n<p><strong>ARTICOLO 11 &#8211; Accesso al sito<\/strong><\/p>\n\n<p>Il CLIENTE ha diritto di accedere al sito per la consultazione e l&#8217;effettuazione degli acquisti. Non \u00e8 consentito alcun altro utilizzo, in particolare commerciale, del sito o del suo contenuto. L&#8217;integrit\u00e0 degli elementi di questo sito, che siano sonori o visivi, e la relativa tecnologia utilizzata rimangono di propriet\u00e0 di PROMOVARESE SRL e sono protetti dal diritto di propriet\u00e0 intellettuale.<\/p>\n\n<p><strong>ARTICOLO 12 \u2013 Cookies<\/strong><\/p>\n\n<p>Il sito web https:\/\/shop-varesedoyoulake.it\/ utilizza i &#8221;cookies&#8221;. I cookies sono file elettronici che registrano informazioni relative alla navigazione del CLIENTE nel sito (pagine consultate, data ed ora della consultazione, ecc..) e che permettono a PROMOVARESE SRL di offrire un servizio personalizzato ai propri clienti.<\/p>\n\n<p>PROMOVARESE SRL informa il Cliente della possibilit\u00e0 di disattivare la creazione di tali file, accedendo al proprio menu di configurazione Internet. Resta inteso che questo impedir\u00e0 al Cliente di procedere all&#8217; acquisto on line.<\/p>\n\n<p><strong>ARTICOLO 13 \u2013 Integralit\u00e0<\/strong><\/p>\n\n<p>Le presenti Condizioni Generali di Vendita sono costituite dalla totalit\u00e0 delle clausole che le compongono. Se una o pi\u00f9 disposizioni delle presenti Condizioni Generali di Vendita \u00e8 considerata non valida o dichiarata tale ai sensi della legge, della regolamentazione o in seguito a una decisione da parte di un tribunale avente giurisdizione, le altre disposizioni continueranno ad avere pieno vigore ed efficacia.<\/p>\n\n<p><strong>ARTICOLO 14 &#8211; Legge applicabile e Foro competente<\/strong><\/p>\n\n<p>Le presenti Condizioni Generali di Vendita sono sottoposte alla legge italiana.<\/p>\n\n<p>Ogni controversia che non trova soluzione amichevole sar\u00e0 sottoposta alla competenza esclusiva del Tribunale di Varese. In ogni caso, \u00e8 possibile ricorrere facoltativamente alle procedure di mediazione di cui al D.lgs 28\/2010, per la risoluzione di eventuali controversie insorte nell&#8217;interpretazione e nell&#8217;esecuzione delle presenti condizioni di vendita.<\/p>\n","protected":false},"excerpt":{"rendered":"<p>Termini e condizioni di vendita Disposizioni generali Le presenti condizioni sono valide esclusivamente tra la societ\u00e0 Promovarese Srl, con sede legale in piazza Monte Grappa 5, 21100 &#8211; Varese, e qualsiasi soggetto che effettui acquisti online sul sito internet https:\/\/shop-varesedoyoulake.it\/, di seguito denominato &#8221;CLIENTE&#8221;. Queste condizioni possono essere oggetto di modifiche e la data di [&hellip;]<\/p>\n","protected":false},"author":1,"featured_media":0,"parent":0,"menu_order":0,"comment_status":"closed","ping_status":"open","template":"","meta":{"inline_featured_image":false,"footnotes":"","_links_to":"","_links_to_target":""},"class_list":["post-8464","page","type-page","status-publish","hentry"],"yoast_head":"<!-- This site is optimized with the Yoast SEO plugin v27.4 - https:\/\/yoast.com\/product\/yoast-seo-wordpress\/ -->\n<title>Terms and Conditions - Varese Do You Bike<\/title>\n<meta name=\"robots\" content=\"index, follow, max-snippet:-1, max-image-preview:large, max-video-preview:-1\" \/>\n<link rel=\"canonical\" href=\"https:\/\/varesedoyoubike.it\/termini-e-condizioni-di-vendita\/\" \/>\n<meta property=\"og:locale\" content=\"en_US\" \/>\n<meta property=\"og:type\" content=\"article\" \/>\n<meta property=\"og:title\" content=\"Terms and Conditions - Varese Do You Bike\" \/>\n<meta property=\"og:description\" content=\"Termini e condizioni di vendita Disposizioni generali Le presenti condizioni sono valide esclusivamente tra la societ\u00e0 Promovarese Srl, con sede legale in piazza Monte Grappa 5, 21100 &#8211; Varese, e qualsiasi soggetto che effettui acquisti online sul sito internet https:\/\/shop-varesedoyoulake.it\/, di seguito denominato &#8221;CLIENTE&#8221;. Queste condizioni possono essere oggetto di modifiche e la data di [&hellip;]\" \/>\n<meta property=\"og:url\" content=\"https:\/\/varesedoyoubike.it\/termini-e-condizioni-di-vendita\/\" \/>\n<meta property=\"og:site_name\" content=\"Varese Do You Bike\" \/>\n<meta property=\"article:publisher\" content=\"https:\/\/www.facebook.com\/varesedoyoubike\" \/>\n<meta property=\"article:modified_time\" content=\"2023-06-14T10:33:19+00:00\" \/>\n<meta property=\"og:image\" content=\"https:\/\/varesedoyoubike.it\/wp-content\/uploads\/TEMP.jpg\" \/>\n\t<meta property=\"og:image:width\" content=\"800\" \/>\n\t<meta property=\"og:image:height\" content=\"532\" \/>\n\t<meta property=\"og:image:type\" content=\"image\/jpeg\" \/>\n<meta name=\"twitter:card\" content=\"summary_large_image\" \/>\n<meta name=\"twitter:label1\" content=\"Est. reading time\" \/>\n\t<meta name=\"twitter:data1\" content=\"9 minutes\" \/>\n<script type=\"application\/ld+json\" class=\"yoast-schema-graph\">{\"@context\":\"https:\\\/\\\/schema.org\",\"@graph\":[{\"@type\":\"WebPage\",\"@id\":\"https:\\\/\\\/varesedoyoubike.it\\\/termini-e-condizioni-di-vendita\\\/\",\"url\":\"https:\\\/\\\/varesedoyoubike.it\\\/termini-e-condizioni-di-vendita\\\/\",\"name\":\"Terms and Conditions - Varese Do You Bike\",\"isPartOf\":{\"@id\":\"https:\\\/\\\/varesedoyoubike.it\\\/#website\"},\"datePublished\":\"2023-06-08T13:44:36+00:00\",\"dateModified\":\"2023-06-14T10:33:19+00:00\",\"breadcrumb\":{\"@id\":\"https:\\\/\\\/varesedoyoubike.it\\\/termini-e-condizioni-di-vendita\\\/#breadcrumb\"},\"inLanguage\":\"en-US\",\"potentialAction\":[{\"@type\":\"ReadAction\",\"target\":[\"https:\\\/\\\/varesedoyoubike.it\\\/termini-e-condizioni-di-vendita\\\/\"]}]},{\"@type\":\"BreadcrumbList\",\"@id\":\"https:\\\/\\\/varesedoyoubike.it\\\/termini-e-condizioni-di-vendita\\\/#breadcrumb\",\"itemListElement\":[{\"@type\":\"ListItem\",\"position\":1,\"name\":\"Home\",\"item\":\"https:\\\/\\\/varesedoyoubike.it\\\/en\\\/homepage\\\/\"},{\"@type\":\"ListItem\",\"position\":2,\"name\":\"Terms and Conditions\"}]},{\"@type\":\"WebSite\",\"@id\":\"https:\\\/\\\/varesedoyoubike.it\\\/#website\",\"url\":\"https:\\\/\\\/varesedoyoubike.it\\\/\",\"name\":\"Varese Do You Bike?\",\"description\":\"Scopri Varese su due ruote\",\"publisher\":{\"@id\":\"https:\\\/\\\/varesedoyoubike.it\\\/#organization\"},\"potentialAction\":[{\"@type\":\"SearchAction\",\"target\":{\"@type\":\"EntryPoint\",\"urlTemplate\":\"https:\\\/\\\/varesedoyoubike.it\\\/?s={search_term_string}\"},\"query-input\":{\"@type\":\"PropertyValueSpecification\",\"valueRequired\":true,\"valueName\":\"search_term_string\"}}],\"inLanguage\":\"en-US\"},{\"@type\":\"Organization\",\"@id\":\"https:\\\/\\\/varesedoyoubike.it\\\/#organization\",\"name\":\"Varese Do You Bike?\",\"url\":\"https:\\\/\\\/varesedoyoubike.it\\\/\",\"logo\":{\"@type\":\"ImageObject\",\"inLanguage\":\"en-US\",\"@id\":\"https:\\\/\\\/varesedoyoubike.it\\\/#\\\/schema\\\/logo\\\/image\\\/\",\"url\":\"https:\\\/\\\/varesedoyoubike.it\\\/wp-content\\\/uploads\\\/VareseDoYouBikeLogo.svg\",\"contentUrl\":\"https:\\\/\\\/varesedoyoubike.it\\\/wp-content\\\/uploads\\\/VareseDoYouBikeLogo.svg\",\"width\":186,\"height\":107,\"caption\":\"Varese Do You Bike?\"},\"image\":{\"@id\":\"https:\\\/\\\/varesedoyoubike.it\\\/#\\\/schema\\\/logo\\\/image\\\/\"},\"sameAs\":[\"https:\\\/\\\/www.facebook.com\\\/varesedoyoubike\",\"https:\\\/\\\/www.instagram.com\\\/varesedoyoubike\\\/\"]}]}<\/script>\n<!-- \/ Yoast SEO plugin. -->","yoast_head_json":{"title":"Terms and Conditions - Varese Do You Bike","robots":{"index":"index","follow":"follow","max-snippet":"max-snippet:-1","max-image-preview":"max-image-preview:large","max-video-preview":"max-video-preview:-1"},"canonical":"https:\/\/varesedoyoubike.it\/termini-e-condizioni-di-vendita\/","og_locale":"en_US","og_type":"article","og_title":"Terms and Conditions - Varese Do You Bike","og_description":"Termini e condizioni di vendita Disposizioni generali Le presenti condizioni sono valide esclusivamente tra la societ\u00e0 Promovarese Srl, con sede legale in piazza Monte Grappa 5, 21100 &#8211; Varese, e qualsiasi soggetto che effettui acquisti online sul sito internet https:\/\/shop-varesedoyoulake.it\/, di seguito denominato &#8221;CLIENTE&#8221;. Queste condizioni possono essere oggetto di modifiche e la data di [&hellip;]","og_url":"https:\/\/varesedoyoubike.it\/termini-e-condizioni-di-vendita\/","og_site_name":"Varese Do You Bike","article_publisher":"https:\/\/www.facebook.com\/varesedoyoubike","article_modified_time":"2023-06-14T10:33:19+00:00","og_image":[{"width":800,"height":532,"url":"https:\/\/varesedoyoubike.it\/wp-content\/uploads\/TEMP.jpg","type":"image\/jpeg"}],"twitter_card":"summary_large_image","twitter_misc":{"Est. reading time":"9 minutes"},"schema":{"@context":"https:\/\/schema.org","@graph":[{"@type":"WebPage","@id":"https:\/\/varesedoyoubike.it\/termini-e-condizioni-di-vendita\/","url":"https:\/\/varesedoyoubike.it\/termini-e-condizioni-di-vendita\/","name":"Terms and Conditions - Varese Do You Bike","isPartOf":{"@id":"https:\/\/varesedoyoubike.it\/#website"},"datePublished":"2023-06-08T13:44:36+00:00","dateModified":"2023-06-14T10:33:19+00:00","breadcrumb":{"@id":"https:\/\/varesedoyoubike.it\/termini-e-condizioni-di-vendita\/#breadcrumb"},"inLanguage":"en-US","potentialAction":[{"@type":"ReadAction","target":["https:\/\/varesedoyoubike.it\/termini-e-condizioni-di-vendita\/"]}]},{"@type":"BreadcrumbList","@id":"https:\/\/varesedoyoubike.it\/termini-e-condizioni-di-vendita\/#breadcrumb","itemListElement":[{"@type":"ListItem","position":1,"name":"Home","item":"https:\/\/varesedoyoubike.it\/en\/homepage\/"},{"@type":"ListItem","position":2,"name":"Terms and Conditions"}]},{"@type":"WebSite","@id":"https:\/\/varesedoyoubike.it\/#website","url":"https:\/\/varesedoyoubike.it\/","name":"Varese Do You Bike?","description":"Scopri Varese su due ruote","publisher":{"@id":"https:\/\/varesedoyoubike.it\/#organization"},"potentialAction":[{"@type":"SearchAction","target":{"@type":"EntryPoint","urlTemplate":"https:\/\/varesedoyoubike.it\/?s={search_term_string}"},"query-input":{"@type":"PropertyValueSpecification","valueRequired":true,"valueName":"search_term_string"}}],"inLanguage":"en-US"},{"@type":"Organization","@id":"https:\/\/varesedoyoubike.it\/#organization","name":"Varese Do You Bike?","url":"https:\/\/varesedoyoubike.it\/","logo":{"@type":"ImageObject","inLanguage":"en-US","@id":"https:\/\/varesedoyoubike.it\/#\/schema\/logo\/image\/","url":"https:\/\/varesedoyoubike.it\/wp-content\/uploads\/VareseDoYouBikeLogo.svg","contentUrl":"https:\/\/varesedoyoubike.it\/wp-content\/uploads\/VareseDoYouBikeLogo.svg","width":186,"height":107,"caption":"Varese Do You Bike?"},"image":{"@id":"https:\/\/varesedoyoubike.it\/#\/schema\/logo\/image\/"},"sameAs":["https:\/\/www.facebook.com\/varesedoyoubike","https:\/\/www.instagram.com\/varesedoyoubike\/"]}]}},"_links":{"self":[{"href":"https:\/\/varesedoyoubike.it\/en\/wp-json\/wp\/v2\/pages\/8464","targetHints":{"allow":["GET"]}}],"collection":[{"href":"https:\/\/varesedoyoubike.it\/en\/wp-json\/wp\/v2\/pages"}],"about":[{"href":"https:\/\/varesedoyoubike.it\/en\/wp-json\/wp\/v2\/types\/page"}],"author":[{"embeddable":true,"href":"https:\/\/varesedoyoubike.it\/en\/wp-json\/wp\/v2\/users\/1"}],"replies":[{"embeddable":true,"href":"https:\/\/varesedoyoubike.it\/en\/wp-json\/wp\/v2\/comments?post=8464"}],"version-history":[{"count":2,"href":"https:\/\/varesedoyoubike.it\/en\/wp-json\/wp\/v2\/pages\/8464\/revisions"}],"predecessor-version":[{"id":8479,"href":"https:\/\/varesedoyoubike.it\/en\/wp-json\/wp\/v2\/pages\/8464\/revisions\/8479"}],"wp:attachment":[{"href":"https:\/\/varesedoyoubike.it\/en\/wp-json\/wp\/v2\/media?parent=8464"}],"curies":[{"name":"wp","href":"https:\/\/api.w.org\/{rel}","templated":true}]}}