{"id":13502,"date":"2025-10-06T12:00:06","date_gmt":"2025-10-06T10:00:06","guid":{"rendered":"https:\/\/varesedoyoubike.it\/?post_type=product&#038;p=13502"},"modified":"2026-04-16T11:55:18","modified_gmt":"2026-04-16T09:55:18","slug":"maglia-ciclista-unisex-sacro-monte-di-varese","status":"publish","type":"product","link":"https:\/\/varesedoyoubike.it\/en\/prodotto\/maglia-ciclista-unisex-sacro-monte-di-varese\/","title":{"rendered":"Maglia Ciclista Unisex &#8211; Sacro Monte di Varese 2026"},"content":{"rendered":"<h4><span data-sheets-root=\"1\">MAGLIA EXCELLENCE REPLICA #NEW TEAM ALTA GAMMA<\/span><\/h4>\n<p><span data-sheets-root=\"1\">. colletto confort<br \/>\n. manica taglio laser<br \/>\n. fronte maglia in tessuto second skin<br \/>\n. retro maglia in tessuto soft confort<br \/>\n. fianchetti in tessuto alveolare per vestibilit\u00e0 ottimale<br \/>\n. fondo maglia con para di silicone all\u2019interno.<br \/>\n. zip lunga autobloccante<br \/>\n. 3 tasche sul retro di cui una con ZIP<\/span><\/p>\n<p>Maglia celebrativa Varese #DoYouBike con la nuova grafica &#8220;Sacro Monte di Varese&#8221;.<br \/>\nNovit\u00e0 dell&#8217;autunno 2025, presentata per la prima volta in occasione della Tre Valli Varesina, il 4 Ottobre.<\/p>\n<p>La prima maglia prodotta da Varese #DoYouBike per celebrare una delle meraviglie del territorio varesino: non poteva che essere il sito Unesco pi\u00f9 famoso e frequentato da varesini e turisti. Ci aspettiamo che sia anche un punto di arrivo per i ciclisti pi\u00f9 audaci che vogliono affrontare la salita fino alla cima del monte e godere di una vista mozzafiato e della storia che permea da ogni roccia di questo borgo arroccato.<\/p>\n<p>&nbsp;<\/p>\n<p class=\"woodmart-sizeguide-title\" style=\"text-align: justify;\">1. PRENDI LE TUE MISURE<\/p>\n<div class=\"woodmart-sizeguide-content\">\n<div class=\"vc_row wpb_row vc_row-fluid\" style=\"text-align: justify;\">\n<div class=\"wpb_column vc_column_container vc_col-sm-12\">\n<div class=\"vc_column-inner\">\n<div class=\"wpb_wrapper\">\n<div class=\"wpb_text_column wpb_content_element\">\n<div class=\"wpb_wrapper\">\n<section class=\"container\">\n<div class=\"row\">\n<div class=\"spb_content_element col-sm-12 spb_text_column\">\n<div class=\"spb_wrapper clearfix\">\n<p>Per ottenere un risultato preciso, prendi le tue misure vestito con abiti leggeri e aderenti.<br \/>\n<strong>CIRCONFERENZA TORACE<br \/>\n<\/strong>Si ottiene passando il centimetro a nastro ben accostato al livello ascellare, in modo che abbracci la persona.<br \/>\n<strong>CIRCONFERENZA VITA<br \/>\n<\/strong>Misurare il punto pi\u00f9 stretto della vita (l\u2019angolo che si forma nel busto se ci si piega su un lato).<br \/>\n<strong>CIRCONFERENZA BACINO<br \/>\n<\/strong>Misurare il punto pi\u00f9 sporgente del bacino.<br \/>\n<strong>ALTEZZA<br \/>\n<\/strong>Misurare l\u2019altezza totale dell\u2019individuo.<\/p>\n<\/div>\n<\/div>\n<\/div>\n<\/section>\n<\/div>\n<\/div>\n<\/div>\n<\/div>\n<\/div>\n<\/div>\n<div class=\"vc_row wpb_row vc_row-fluid\" style=\"text-align: cen justify ter;\">\n<div class=\"wpb_column vc_column_container vc_col-sm-3\">\n<div class=\"vc_column-inner\">\n<div class=\"wpb_wrapper\">\n<div><\/div>\n<p>2.\u00a0 TROVA LA TUA TAGLIA<br \/>\n<span style=\"text-align: justify;\">Con le tue misure trova la tua taglia corrispondente nella tabella sottostante.<\/span><\/p>\n<\/div>\n<\/div>\n<\/div>\n<\/div>\n<div class=\"vc_row wpb_row vc_row-fluid\">\n<div class=\"wpb_column vc_column_container vc_col-sm-12\">\n<div class=\"vc_column-inner\">\n<div class=\"wpb_wrapper\">\n<div class=\"wpb_text_column wpb_content_element\">\n<div class=\"wpb_wrapper\">\n<section class=\"container\">\n<div class=\"row\">\n<div class=\"spb_content_element col-sm-12 spb_text_column\">\n<div class=\"spb_wrapper clearfix\">\n<p style=\"text-align: justify;\">Se la tua misura \u00e8 al limite tra due taglie, scegli la taglia immediatamente pi\u00f9 piccola o pi\u00f9 grande in base alla vestibilit\u00e0 che preferisci: aderente o comoda.<br \/>\nSe le misure del torace e del girovita non dovessero corrispondere alla stessa misura consigliata nella tabella, la tua taglia sar\u00e0 quella corrispondente alla circonferenza torace.<br \/>\nSe la circonferenza vita \u00e8 superiore alle misure della tabella, \u00e8 consigliabile scegliere i modelli Regular.<\/p>\n<h3 style=\"text-align: center;\"><\/h3>\n<table width=\"481\">\n<tbody>\n<tr>\n<td style=\"width: 541px;\">TAGLIA<\/td>\n<td style=\"width: 541px;\">CIRCONFERENZA TORACE (CM)<\/td>\n<td style=\"width: 541px;\">CIRCONFERENZA VITA (CM)<\/td>\n<td style=\"width: 541px;\">CIRCONFERENZA BACINO (CM)<\/td>\n<td style=\"width: 541px;\">STATURA PERSONA (CM)<\/td>\n<\/tr>\n<tr>\n<td style=\"width: 541px;\">S<\/td>\n<td style=\"width: 541px;\">92<\/td>\n<td style=\"width: 541px;\">80<\/td>\n<td style=\"width: 541px;\">94<\/td>\n<td style=\"width: 541px;\">160\/169<\/td>\n<\/tr>\n<tr>\n<td style=\"width: 541px;\">M<\/td>\n<td style=\"width: 541px;\">96<\/td>\n<td style=\"width: 541px;\">84<\/td>\n<td style=\"width: 541px;\">98<\/td>\n<td style=\"width: 541px;\">170\/179<\/td>\n<\/tr>\n<tr>\n<td style=\"width: 541px;\">L<\/td>\n<td style=\"width: 541px;\">100<\/td>\n<td style=\"width: 541px;\">88<\/td>\n<td style=\"width: 541px;\">102<\/td>\n<td style=\"width: 541px;\">180\/185<\/td>\n<\/tr>\n<tr>\n<td style=\"width: 541px;\">XL<\/td>\n<td style=\"width: 541px;\">104<\/td>\n<td style=\"width: 541px;\">93<\/td>\n<td style=\"width: 541px;\">106<\/td>\n<td style=\"width: 541px;\">186\/190<\/td>\n<\/tr>\n<tr>\n<td style=\"width: 541px;\">XXL<\/td>\n<td style=\"width: 541px;\">108<\/td>\n<td style=\"width: 541px;\">98<\/td>\n<td style=\"width: 541px;\">110<\/td>\n<td style=\"width: 541px;\">191\/195<\/td>\n<\/tr>\n<tr>\n<td style=\"width: 541px;\">XXXL<\/td>\n<td style=\"width: 541px;\">112<\/td>\n<td style=\"width: 541px;\">103<\/td>\n<td style=\"width: 541px;\">114<\/td>\n<td style=\"width: 541px;\">\u00a0196\/200<\/td>\n<\/tr>\n<tr>\n<td style=\"width: 541px;\"><\/td>\n<td style=\"width: 541px;\"><\/td>\n<td style=\"width: 541px;\"><\/td>\n<td style=\"width: 541px;\"><\/td>\n<td style=\"width: 541px;\"><\/td>\n<\/tr>\n<\/tbody>\n<\/table>\n<\/div>\n<\/div>\n<\/div>\n<\/section>\n<\/div>\n<\/div>\n<\/div>\n<\/div>\n<\/div>\n<\/div>\n<\/div>\n","protected":false},"excerpt":{"rendered":"<p>Maglia celebrativa Varese #DoYouBike con la nuova grafica &#8220;Sacro Monte di Varese&#8221;.<\/p>\n","protected":false},"featured_media":13513,"template":"","meta":{"inline_featured_image":false,"_links_to":"","_links_to_target":""},"product_brand":[],"product_cat":[68],"product_tag":[],"class_list":{"0":"post-13502","1":"product","2":"type-product","3":"status-publish","4":"has-post-thumbnail","6":"product_cat-sport","8":"first","9":"instock","10":"featured","11":"taxable","12":"shipping-taxable","13":"purchasable","14":"product-type-variable","15":"has-default-attributes"},"yoast_head":"<!-- This site is optimized with the Yoast SEO plugin v27.4 - https:\/\/yoast.com\/product\/yoast-seo-wordpress\/ -->\n<title>Maglia Ciclista Unisex - Sacro Monte di Varese 2026 - Varese Do You Bike<\/title>\n<meta name=\"description\" content=\"Maglia ciclista nera #VARESEDOYOUBIKE, taglie disponibili: S, M, L, XL, XXL, XXXL\" \/>\n<meta name=\"robots\" content=\"index, follow, max-snippet:-1, max-image-preview:large, max-video-preview:-1\" \/>\n<link rel=\"canonical\" href=\"https:\/\/varesedoyoubike.it\/prodotto\/maglia-ciclista-unisex-sacro-monte-di-varese\/\" \/>\n<meta property=\"og:locale\" content=\"en_US\" \/>\n<meta property=\"og:type\" content=\"article\" \/>\n<meta property=\"og:title\" content=\"Maglia Ciclista Unisex - Sacro Monte di Varese 2026 - Varese Do You Bike\" \/>\n<meta property=\"og:description\" content=\"Maglia ciclista nera #VARESEDOYOUBIKE, taglie disponibili: S, M, L, XL, XXL, XXXL\" \/>\n<meta property=\"og:url\" content=\"https:\/\/varesedoyoubike.it\/prodotto\/maglia-ciclista-unisex-sacro-monte-di-varese\/\" \/>\n<meta property=\"og:site_name\" content=\"Varese Do You Bike\" \/>\n<meta property=\"article:publisher\" content=\"https:\/\/www.facebook.com\/varesedoyoubike\" \/>\n<meta property=\"article:modified_time\" content=\"2026-04-16T09:55:18+00:00\" \/>\n<meta property=\"og:image\" content=\"https:\/\/varesedoyoubike.it\/wp-content\/uploads\/maglia-sacromonte-fronte.jpg\" \/>\n\t<meta property=\"og:image:width\" content=\"1080\" \/>\n\t<meta property=\"og:image:height\" content=\"1080\" \/>\n\t<meta property=\"og:image:type\" content=\"image\/jpeg\" \/>\n<meta name=\"twitter:card\" content=\"summary_large_image\" \/>\n<meta name=\"twitter:label1\" content=\"Est. reading time\" \/>\n\t<meta name=\"twitter:data1\" content=\"2 minutes\" \/>\n<script type=\"application\/ld+json\" class=\"yoast-schema-graph\">{\"@context\":\"https:\\\/\\\/schema.org\",\"@graph\":[{\"@type\":\"WebPage\",\"@id\":\"https:\\\/\\\/varesedoyoubike.it\\\/prodotto\\\/maglia-ciclista-unisex-sacro-monte-di-varese\\\/\",\"url\":\"https:\\\/\\\/varesedoyoubike.it\\\/prodotto\\\/maglia-ciclista-unisex-sacro-monte-di-varese\\\/\",\"name\":\"Maglia Ciclista Unisex - Sacro Monte di Varese 2026 - Varese Do You Bike\",\"isPartOf\":{\"@id\":\"https:\\\/\\\/varesedoyoubike.it\\\/#website\"},\"primaryImageOfPage\":{\"@id\":\"https:\\\/\\\/varesedoyoubike.it\\\/prodotto\\\/maglia-ciclista-unisex-sacro-monte-di-varese\\\/#primaryimage\"},\"image\":{\"@id\":\"https:\\\/\\\/varesedoyoubike.it\\\/prodotto\\\/maglia-ciclista-unisex-sacro-monte-di-varese\\\/#primaryimage\"},\"thumbnailUrl\":\"https:\\\/\\\/varesedoyoubike.it\\\/wp-content\\\/uploads\\\/maglia-sacromonte-fronte.jpg\",\"datePublished\":\"2025-10-06T10:00:06+00:00\",\"dateModified\":\"2026-04-16T09:55:18+00:00\",\"description\":\"Maglia ciclista nera #VARESEDOYOUBIKE, taglie disponibili: S, M, L, XL, XXL, XXXL\",\"breadcrumb\":{\"@id\":\"https:\\\/\\\/varesedoyoubike.it\\\/prodotto\\\/maglia-ciclista-unisex-sacro-monte-di-varese\\\/#breadcrumb\"},\"inLanguage\":\"en-US\",\"potentialAction\":[{\"@type\":\"ReadAction\",\"target\":[\"https:\\\/\\\/varesedoyoubike.it\\\/prodotto\\\/maglia-ciclista-unisex-sacro-monte-di-varese\\\/\"]}]},{\"@type\":\"ImageObject\",\"inLanguage\":\"en-US\",\"@id\":\"https:\\\/\\\/varesedoyoubike.it\\\/prodotto\\\/maglia-ciclista-unisex-sacro-monte-di-varese\\\/#primaryimage\",\"url\":\"https:\\\/\\\/varesedoyoubike.it\\\/wp-content\\\/uploads\\\/maglia-sacromonte-fronte.jpg\",\"contentUrl\":\"https:\\\/\\\/varesedoyoubike.it\\\/wp-content\\\/uploads\\\/maglia-sacromonte-fronte.jpg\",\"width\":1080,\"height\":1080},{\"@type\":\"BreadcrumbList\",\"@id\":\"https:\\\/\\\/varesedoyoubike.it\\\/prodotto\\\/maglia-ciclista-unisex-sacro-monte-di-varese\\\/#breadcrumb\",\"itemListElement\":[{\"@type\":\"ListItem\",\"position\":1,\"name\":\"Home\",\"item\":\"https:\\\/\\\/varesedoyoubike.it\\\/en\\\/homepage\\\/\"},{\"@type\":\"ListItem\",\"position\":2,\"name\":\"Shop\",\"item\":\"https:\\\/\\\/varesedoyoubike.it\\\/?page_id=5387\"},{\"@type\":\"ListItem\",\"position\":3,\"name\":\"Maglia Ciclista Unisex &#8211; Sacro Monte di Varese 2026\"}]},{\"@type\":\"WebSite\",\"@id\":\"https:\\\/\\\/varesedoyoubike.it\\\/#website\",\"url\":\"https:\\\/\\\/varesedoyoubike.it\\\/\",\"name\":\"Varese Do You Bike?\",\"description\":\"Scopri Varese su due ruote\",\"publisher\":{\"@id\":\"https:\\\/\\\/varesedoyoubike.it\\\/#organization\"},\"potentialAction\":[{\"@type\":\"SearchAction\",\"target\":{\"@type\":\"EntryPoint\",\"urlTemplate\":\"https:\\\/\\\/varesedoyoubike.it\\\/?s={search_term_string}\"},\"query-input\":{\"@type\":\"PropertyValueSpecification\",\"valueRequired\":true,\"valueName\":\"search_term_string\"}}],\"inLanguage\":\"en-US\"},{\"@type\":\"Organization\",\"@id\":\"https:\\\/\\\/varesedoyoubike.it\\\/#organization\",\"name\":\"Varese Do You Bike?\",\"url\":\"https:\\\/\\\/varesedoyoubike.it\\\/\",\"logo\":{\"@type\":\"ImageObject\",\"inLanguage\":\"en-US\",\"@id\":\"https:\\\/\\\/varesedoyoubike.it\\\/#\\\/schema\\\/logo\\\/image\\\/\",\"url\":\"https:\\\/\\\/varesedoyoubike.it\\\/wp-content\\\/uploads\\\/VareseDoYouBikeLogo.svg\",\"contentUrl\":\"https:\\\/\\\/varesedoyoubike.it\\\/wp-content\\\/uploads\\\/VareseDoYouBikeLogo.svg\",\"width\":186,\"height\":107,\"caption\":\"Varese Do You Bike?\"},\"image\":{\"@id\":\"https:\\\/\\\/varesedoyoubike.it\\\/#\\\/schema\\\/logo\\\/image\\\/\"},\"sameAs\":[\"https:\\\/\\\/www.facebook.com\\\/varesedoyoubike\",\"https:\\\/\\\/www.instagram.com\\\/varesedoyoubike\\\/\"]}]}<\/script>\n<!-- \/ Yoast SEO plugin. -->","yoast_head_json":{"title":"Maglia Ciclista Unisex - Sacro Monte di Varese 2026 - Varese Do You Bike","description":"Maglia ciclista nera #VARESEDOYOUBIKE, taglie disponibili: S, M, L, XL, XXL, XXXL","robots":{"index":"index","follow":"follow","max-snippet":"max-snippet:-1","max-image-preview":"max-image-preview:large","max-video-preview":"max-video-preview:-1"},"canonical":"https:\/\/varesedoyoubike.it\/prodotto\/maglia-ciclista-unisex-sacro-monte-di-varese\/","og_locale":"en_US","og_type":"article","og_title":"Maglia Ciclista Unisex - Sacro Monte di Varese 2026 - Varese Do You Bike","og_description":"Maglia ciclista nera #VARESEDOYOUBIKE, taglie disponibili: S, M, L, XL, XXL, XXXL","og_url":"https:\/\/varesedoyoubike.it\/prodotto\/maglia-ciclista-unisex-sacro-monte-di-varese\/","og_site_name":"Varese Do You Bike","article_publisher":"https:\/\/www.facebook.com\/varesedoyoubike","article_modified_time":"2026-04-16T09:55:18+00:00","og_image":[{"width":1080,"height":1080,"url":"https:\/\/varesedoyoubike.it\/wp-content\/uploads\/maglia-sacromonte-fronte.jpg","type":"image\/jpeg"}],"twitter_card":"summary_large_image","twitter_misc":{"Est. reading time":"2 minutes"},"schema":{"@context":"https:\/\/schema.org","@graph":[{"@type":"WebPage","@id":"https:\/\/varesedoyoubike.it\/prodotto\/maglia-ciclista-unisex-sacro-monte-di-varese\/","url":"https:\/\/varesedoyoubike.it\/prodotto\/maglia-ciclista-unisex-sacro-monte-di-varese\/","name":"Maglia Ciclista Unisex - Sacro Monte di Varese 2026 - Varese Do You Bike","isPartOf":{"@id":"https:\/\/varesedoyoubike.it\/#website"},"primaryImageOfPage":{"@id":"https:\/\/varesedoyoubike.it\/prodotto\/maglia-ciclista-unisex-sacro-monte-di-varese\/#primaryimage"},"image":{"@id":"https:\/\/varesedoyoubike.it\/prodotto\/maglia-ciclista-unisex-sacro-monte-di-varese\/#primaryimage"},"thumbnailUrl":"https:\/\/varesedoyoubike.it\/wp-content\/uploads\/maglia-sacromonte-fronte.jpg","datePublished":"2025-10-06T10:00:06+00:00","dateModified":"2026-04-16T09:55:18+00:00","description":"Maglia ciclista nera #VARESEDOYOUBIKE, taglie disponibili: S, M, L, XL, XXL, XXXL","breadcrumb":{"@id":"https:\/\/varesedoyoubike.it\/prodotto\/maglia-ciclista-unisex-sacro-monte-di-varese\/#breadcrumb"},"inLanguage":"en-US","potentialAction":[{"@type":"ReadAction","target":["https:\/\/varesedoyoubike.it\/prodotto\/maglia-ciclista-unisex-sacro-monte-di-varese\/"]}]},{"@type":"ImageObject","inLanguage":"en-US","@id":"https:\/\/varesedoyoubike.it\/prodotto\/maglia-ciclista-unisex-sacro-monte-di-varese\/#primaryimage","url":"https:\/\/varesedoyoubike.it\/wp-content\/uploads\/maglia-sacromonte-fronte.jpg","contentUrl":"https:\/\/varesedoyoubike.it\/wp-content\/uploads\/maglia-sacromonte-fronte.jpg","width":1080,"height":1080},{"@type":"BreadcrumbList","@id":"https:\/\/varesedoyoubike.it\/prodotto\/maglia-ciclista-unisex-sacro-monte-di-varese\/#breadcrumb","itemListElement":[{"@type":"ListItem","position":1,"name":"Home","item":"https:\/\/varesedoyoubike.it\/en\/homepage\/"},{"@type":"ListItem","position":2,"name":"Shop","item":"https:\/\/varesedoyoubike.it\/?page_id=5387"},{"@type":"ListItem","position":3,"name":"Maglia Ciclista Unisex &#8211; Sacro Monte di Varese 2026"}]},{"@type":"WebSite","@id":"https:\/\/varesedoyoubike.it\/#website","url":"https:\/\/varesedoyoubike.it\/","name":"Varese Do You Bike?","description":"Scopri Varese su due ruote","publisher":{"@id":"https:\/\/varesedoyoubike.it\/#organization"},"potentialAction":[{"@type":"SearchAction","target":{"@type":"EntryPoint","urlTemplate":"https:\/\/varesedoyoubike.it\/?s={search_term_string}"},"query-input":{"@type":"PropertyValueSpecification","valueRequired":true,"valueName":"search_term_string"}}],"inLanguage":"en-US"},{"@type":"Organization","@id":"https:\/\/varesedoyoubike.it\/#organization","name":"Varese Do You Bike?","url":"https:\/\/varesedoyoubike.it\/","logo":{"@type":"ImageObject","inLanguage":"en-US","@id":"https:\/\/varesedoyoubike.it\/#\/schema\/logo\/image\/","url":"https:\/\/varesedoyoubike.it\/wp-content\/uploads\/VareseDoYouBikeLogo.svg","contentUrl":"https:\/\/varesedoyoubike.it\/wp-content\/uploads\/VareseDoYouBikeLogo.svg","width":186,"height":107,"caption":"Varese Do You Bike?"},"image":{"@id":"https:\/\/varesedoyoubike.it\/#\/schema\/logo\/image\/"},"sameAs":["https:\/\/www.facebook.com\/varesedoyoubike","https:\/\/www.instagram.com\/varesedoyoubike\/"]}]}},"_links":{"self":[{"href":"https:\/\/varesedoyoubike.it\/en\/wp-json\/wp\/v2\/product\/13502","targetHints":{"allow":["GET"]}}],"collection":[{"href":"https:\/\/varesedoyoubike.it\/en\/wp-json\/wp\/v2\/product"}],"about":[{"href":"https:\/\/varesedoyoubike.it\/en\/wp-json\/wp\/v2\/types\/product"}],"wp:featuredmedia":[{"embeddable":true,"href":"https:\/\/varesedoyoubike.it\/en\/wp-json\/wp\/v2\/media\/13513"}],"wp:attachment":[{"href":"https:\/\/varesedoyoubike.it\/en\/wp-json\/wp\/v2\/media?parent=13502"}],"wp:term":[{"taxonomy":"product_brand","embeddable":true,"href":"https:\/\/varesedoyoubike.it\/en\/wp-json\/wp\/v2\/product_brand?post=13502"},{"taxonomy":"product_cat","embeddable":true,"href":"https:\/\/varesedoyoubike.it\/en\/wp-json\/wp\/v2\/product_cat?post=13502"},{"taxonomy":"product_tag","embeddable":true,"href":"https:\/\/varesedoyoubike.it\/en\/wp-json\/wp\/v2\/product_tag?post=13502"}],"curies":[{"name":"wp","href":"https:\/\/api.w.org\/{rel}","templated":true}]}}