{"id":6859,"date":"2023-04-07T15:54:15","date_gmt":"2023-04-07T13:54:15","guid":{"rendered":"https:\/\/varesedoyoubike.it\/prodotto\/cyclist-t-shirt-varese-dyb\/"},"modified":"2023-04-07T15:54:15","modified_gmt":"2023-04-07T13:54:15","slug":"maglia-ciclista-varese-dyb-2","status":"publish","type":"product","link":"https:\/\/varesedoyoubike.it\/en\/prodotto\/maglia-ciclista-varese-dyb-2\/","title":{"rendered":"Cyclist T-shirt Varese #DYB"},"content":{"rendered":"<p>&nbsp;<\/p>\n<h3 class=\"woodmart-sizeguide-title\" style=\"text-align: justify;\" data-mce-fragment=\"1\">1\u00b0 STEP- TAKE YOUR MEASUREMENTS<\/h3>\n<div class=\"woodmart-sizeguide-content\" data-mce-fragment=\"1\">\n<div class=\"vc_row wpb_row vc_row-fluid\" data-mce-fragment=\"1\">\n<div class=\"wpb_column vc_column_container vc_col-sm-12\" data-mce-fragment=\"1\">\n<div class=\"vc_column-inner\" data-mce-fragment=\"1\">\n<div class=\"wpb_wrapper\" data-mce-fragment=\"1\">\n<div class=\"wpb_text_column wpb_content_element\" data-mce-fragment=\"1\">\n<div class=\"wpb_wrapper\" data-mce-fragment=\"1\">\n<section class=\"container\" data-mce-fragment=\"1\">\n<div class=\"row\" data-mce-fragment=\"1\">\n<div class=\"spb_content_element col-sm-12 spb_text_column\" data-mce-fragment=\"1\">\n<div class=\"spb_wrapper clearfix\" data-mce-fragment=\"1\">\n<p data-mce-fragment=\"1\">Per ottenere un risultato preciso, prendi le tue misure vestito con abiti leggeri e aderenti.<\/p>\n<h3 data-mce-fragment=\"1\"><strong data-mce-fragment=\"1\">CIRCONFERENZA TORACE<\/strong><\/h3>\n<\/div>\n<\/div>\n<\/div>\n<\/section>\n<\/div>\n<\/div>\n<\/div>\n<\/div>\n<\/div>\n<\/div>\n<div class=\"vc_row wpb_row vc_row-fluid\" data-mce-fragment=\"1\">\n<div class=\"wpb_column vc_column_container vc_col-sm-3\" data-mce-fragment=\"1\">\n<div class=\"vc_column-inner\" data-mce-fragment=\"1\">\n<div class=\"wpb_wrapper\" data-mce-fragment=\"1\">\n<div class=\"vc_empty_space\" data-mce-fragment=\"1\"><\/div>\n<div class=\"wpb_text_column wpb_content_element\" data-mce-fragment=\"1\">\n<div class=\"wpb_wrapper\" data-mce-fragment=\"1\">\n<p data-mce-fragment=\"1\">Si ottiene passando il centimetro a nastro ben accostato al livello ascellare, in modo che abbracci la persona.<\/p>\n<p data-mce-fragment=\"1\"><strong data-mce-fragment=\"1\">CIRCONFERENZA VITA<\/strong><\/p>\n<\/div>\n<\/div>\n<\/div>\n<\/div>\n<\/div>\n<div class=\"wpb_column vc_column_container vc_col-sm-3\" data-mce-fragment=\"1\">\n<div class=\"vc_column-inner\" data-mce-fragment=\"1\">\n<div class=\"wpb_wrapper\" data-mce-fragment=\"1\">\n<div class=\"vc_empty_space\" data-mce-fragment=\"1\"><\/div>\n<div class=\"wpb_text_column wpb_content_element\" data-mce-fragment=\"1\">\n<div class=\"wpb_wrapper\" data-mce-fragment=\"1\">\n<p data-mce-fragment=\"1\">Misurare il punto pi\u00f9 stretto della vita (l\u2019angolo che si forma nel busto se ci si piega su un lato).<\/p>\n<p data-mce-fragment=\"1\"><strong data-mce-fragment=\"1\">CIRCONFERENZA BACINO<\/strong><\/p>\n<\/div>\n<\/div>\n<\/div>\n<\/div>\n<\/div>\n<div class=\"wpb_column vc_column_container vc_col-sm-3\" data-mce-fragment=\"1\">\n<div class=\"vc_column-inner\" data-mce-fragment=\"1\">\n<div class=\"wpb_wrapper\" data-mce-fragment=\"1\">\n<div class=\"vc_empty_space\" data-mce-fragment=\"1\"><\/div>\n<div class=\"wpb_text_column wpb_content_element\" data-mce-fragment=\"1\">\n<div class=\"wpb_wrapper\" data-mce-fragment=\"1\">\n<p data-mce-fragment=\"1\">Misurare il punto pi\u00f9 sporgente del bacino.<\/p>\n<p data-mce-fragment=\"1\"><strong data-mce-fragment=\"1\">ALTEZZA<\/strong><\/p>\n<\/div>\n<\/div>\n<\/div>\n<\/div>\n<\/div>\n<div class=\"wpb_column vc_column_container vc_col-sm-3\" data-mce-fragment=\"1\">\n<div class=\"vc_column-inner\" data-mce-fragment=\"1\">\n<div class=\"wpb_wrapper\" data-mce-fragment=\"1\">\n<div class=\"vc_empty_space\" data-mce-fragment=\"1\"><\/div>\n<div class=\"wpb_text_column wpb_content_element\" data-mce-fragment=\"1\">\n<div class=\"wpb_wrapper\" data-mce-fragment=\"1\">\n<p data-mce-fragment=\"1\">Misurare l\u2019altezza totale dell\u2019individuo.<\/p>\n<\/div>\n<\/div>\n<\/div>\n<\/div>\n<\/div>\n<\/div>\n<div class=\"vc_row wpb_row vc_row-fluid\" data-mce-fragment=\"1\">\n<div class=\"wpb_column vc_column_container vc_col-sm-12\" data-mce-fragment=\"1\">\n<div class=\"vc_column-inner\" data-mce-fragment=\"1\">\n<div class=\"wpb_wrapper\" data-mce-fragment=\"1\">\n<div class=\"vc_empty_space\" data-mce-fragment=\"1\"><\/div>\n<\/div>\n<\/div>\n<\/div>\n<\/div>\n<div class=\"vc_row wpb_row vc_row-fluid\" data-mce-fragment=\"1\">\n<div class=\"wpb_column vc_column_container vc_col-sm-12\" data-mce-fragment=\"1\">\n<div class=\"vc_column-inner\" data-mce-fragment=\"1\">\n<div class=\"wpb_wrapper\" data-mce-fragment=\"1\">\n<div class=\"wpb_text_column wpb_content_element\" data-mce-fragment=\"1\">\n<div class=\"wpb_wrapper\" data-mce-fragment=\"1\">\n<section class=\"container\" data-mce-fragment=\"1\">\n<div class=\"row\" data-mce-fragment=\"1\">\n<div class=\"spb_content_element col-sm-12 spb_text_column\" data-mce-fragment=\"1\">\n<div class=\"spb_wrapper clearfix\" data-mce-fragment=\"1\">\n<h3 style=\"text-align: justify;\" data-mce-fragment=\"1\">2\u00b0 PASSO- TROVA LA TUA TAGLIA<\/h3>\n<p style=\"text-align: justify;\" data-mce-fragment=\"1\">Con le tue misure trova la tua taglia corrispondente nella tabella sottostante.<br data-mce-fragment=\"1\">Se la tua misura \u00e8 al limite tra due taglie, scegli la taglia immediatamente pi\u00f9 piccola o pi\u00f9 grande in base alla vestibilit\u00e0 che preferisci: aderente o comoda.<br data-mce-fragment=\"1\">Se le misure del torace e del girovita non dovessero corrispondere alla stessa misura consigliata nella tabella, la tua taglia sar\u00e0 quella corrispondente alla circonferenza torace.<br data-mce-fragment=\"1\">Se la circonferenza vita \u00e8 superiore alle misure della tabella, \u00e8 consigliabile scegliere i modelli Regoular.<\/p>\n<h3 style=\"text-align: center;\" data-mce-fragment=\"1\"><\/h3>\n<table width=\"481\" data-mce-fragment=\"1\">\n<tbody data-mce-fragment=\"1\">\n<tr data-mce-fragment=\"1\">\n<td style=\"width: 541px;\" data-mce-fragment=\"1\">\n<p data-mce-fragment=\"1\">TAGLIA<\/p>\n<\/td>\n<td style=\"width: 541px;\" data-mce-fragment=\"1\">\n<p data-mce-fragment=\"1\">CIRCONFERENZA TORACE (CM)<\/p>\n<\/td>\n<td style=\"width: 541px;\" data-mce-fragment=\"1\">\n<p data-mce-fragment=\"1\">CIRCONFERENZA VITA (CM)<\/p>\n<\/td>\n<td style=\"width: 541px;\" data-mce-fragment=\"1\">\n<p data-mce-fragment=\"1\">CIRCONFERENZA BACINO (CM)<\/p>\n<\/td>\n<td style=\"width: 541px;\" data-mce-fragment=\"1\">\n<p data-mce-fragment=\"1\">STATURA PERSONA (CM)<\/p>\n<\/td>\n<\/tr>\n<tr data-mce-fragment=\"1\">\n<td style=\"width: 541px;\" data-mce-fragment=\"1\">\n<p data-mce-fragment=\"1\">S<\/p>\n<\/td>\n<td style=\"width: 541px;\" data-mce-fragment=\"1\">\n<p data-mce-fragment=\"1\">92<\/p>\n<\/td>\n<td style=\"width: 541px;\" data-mce-fragment=\"1\">\n<p data-mce-fragment=\"1\">80<\/p>\n<\/td>\n<td style=\"width: 541px;\" data-mce-fragment=\"1\">\n<p data-mce-fragment=\"1\">94<\/p>\n<\/td>\n<td style=\"width: 541px;\" data-mce-fragment=\"1\">\n<p data-mce-fragment=\"1\">160\/169<\/p>\n<\/td>\n<\/tr>\n<tr data-mce-fragment=\"1\">\n<td style=\"width: 541px;\" data-mce-fragment=\"1\">\n<p data-mce-fragment=\"1\">M<\/p>\n<\/td>\n<td style=\"width: 541px;\" data-mce-fragment=\"1\">\n<p data-mce-fragment=\"1\">96<\/p>\n<\/td>\n<td style=\"width: 541px;\" data-mce-fragment=\"1\">\n<p data-mce-fragment=\"1\">84<\/p>\n<\/td>\n<td style=\"width: 541px;\" data-mce-fragment=\"1\">\n<p data-mce-fragment=\"1\">98<\/p>\n<\/td>\n<td style=\"width: 541px;\" data-mce-fragment=\"1\">\n<p data-mce-fragment=\"1\">170\/179<\/p>\n<\/td>\n<\/tr>\n<tr data-mce-fragment=\"1\">\n<td style=\"width: 541px;\" data-mce-fragment=\"1\">\n<p data-mce-fragment=\"1\">L<\/p>\n<\/td>\n<td style=\"width: 541px;\" data-mce-fragment=\"1\">\n<p data-mce-fragment=\"1\">100<\/p>\n<\/td>\n<td style=\"width: 541px;\" data-mce-fragment=\"1\">\n<p data-mce-fragment=\"1\">88<\/p>\n<\/td>\n<td style=\"width: 541px;\" data-mce-fragment=\"1\">\n<p data-mce-fragment=\"1\">102<\/p>\n<\/td>\n<td style=\"width: 541px;\" data-mce-fragment=\"1\">\n<p data-mce-fragment=\"1\">180\/185<\/p>\n<\/td>\n<\/tr>\n<tr data-mce-fragment=\"1\">\n<td style=\"width: 541px;\" data-mce-fragment=\"1\">\n<p data-mce-fragment=\"1\">XL<\/p>\n<\/td>\n<td style=\"width: 541px;\" data-mce-fragment=\"1\">\n<p data-mce-fragment=\"1\">104<\/p>\n<\/td>\n<td style=\"width: 541px;\" data-mce-fragment=\"1\">\n<p data-mce-fragment=\"1\">93<\/p>\n<\/td>\n<td style=\"width: 541px;\" data-mce-fragment=\"1\">\n<p data-mce-fragment=\"1\">106<\/p>\n<\/td>\n<td style=\"width: 541px;\" data-mce-fragment=\"1\">\n<p data-mce-fragment=\"1\">186\/190<\/p>\n<\/td>\n<\/tr>\n<tr data-mce-fragment=\"1\">\n<td style=\"width: 541px;\" data-mce-fragment=\"1\">\n<p data-mce-fragment=\"1\">XXL<\/p>\n<\/td>\n<td style=\"width: 541px;\" data-mce-fragment=\"1\">\n<p data-mce-fragment=\"1\">108<\/p>\n<\/td>\n<td style=\"width: 541px;\" data-mce-fragment=\"1\">\n<p data-mce-fragment=\"1\">98<\/p>\n<\/td>\n<td style=\"width: 541px;\" data-mce-fragment=\"1\">\n<p data-mce-fragment=\"1\">110<\/p>\n<\/td>\n<td style=\"width: 541px;\" data-mce-fragment=\"1\">\n<p data-mce-fragment=\"1\">191\/195<\/p>\n<\/td>\n<\/tr>\n<tr data-mce-fragment=\"1\">\n<td style=\"width: 541px;\" data-mce-fragment=\"1\">\n<p data-mce-fragment=\"1\">XXXL<\/p>\n<\/td>\n<td style=\"width: 541px;\" data-mce-fragment=\"1\">\n<p data-mce-fragment=\"1\">112<\/p>\n<\/td>\n<td style=\"width: 541px;\" data-mce-fragment=\"1\">\n<p data-mce-fragment=\"1\">103<\/p>\n<\/td>\n<td style=\"width: 541px;\" data-mce-fragment=\"1\">\n<p data-mce-fragment=\"1\">114<\/p>\n<\/td>\n<td style=\"width: 541px;\" data-mce-fragment=\"1\">\n<p data-mce-fragment=\"1\">  196\/200<\/p>\n<\/td>\n<\/tr>\n<tr data-mce-fragment=\"1\">\n<td style=\"width: 541px;\" data-mce-fragment=\"1\">\n<p data-mce-fragment=\"1\">4XL<\/p>\n<\/td>\n<td style=\"width: 541px;\" data-mce-fragment=\"1\">\n<p data-mce-fragment=\"1\">116<\/p>\n<\/td>\n<td style=\"width: 541px;\" data-mce-fragment=\"1\">\n<p data-mce-fragment=\"1\">108<\/p>\n<\/td>\n<td style=\"width: 541px;\" data-mce-fragment=\"1\">\n<p data-mce-fragment=\"1\">118<\/p>\n<\/td>\n<td style=\"width: 541px;\" data-mce-fragment=\"1\">\n<p data-mce-fragment=\"1\">210\/205<\/p>\n<\/td>\n<\/tr>\n<\/tbody>\n<\/table>\n<\/div>\n<\/div>\n<\/div>\n<\/section>\n<\/div>\n<\/div>\n<\/div>\n<\/div>\n<\/div>\n<\/div>\n<\/div>\n","protected":false},"excerpt":{"rendered":"<p>&nbsp; 1\u00b0 STEP- TAKE YOUR MEASUREMENTS Per ottenere un risultato preciso, prendi le tue misure vestito con abiti leggeri e aderenti. CIRCONFERENZA TORACE Si ottiene passando il centimetro a nastro ben accostato al livello ascellare, in modo che abbracci la persona. CIRCONFERENZA VITA Misurare il punto pi\u00f9 stretto della vita (l\u2019angolo che si forma nel [&hellip;]<\/p>\n","protected":false},"featured_media":4865,"template":"","meta":{"inline_featured_image":false,"_links_to":"","_links_to_target":""},"product_brand":[],"product_cat":[86],"product_tag":[],"class_list":{"0":"post-6859","1":"product","2":"type-product","3":"status-publish","4":"has-post-thumbnail","6":"product_cat-sport-en","8":"first","9":"instock","10":"taxable","11":"shipping-taxable","12":"purchasable","13":"product-type-variable","14":"has-default-attributes"},"yoast_head":"<!-- This site is optimized with the Yoast SEO plugin v27.4 - https:\/\/yoast.com\/product\/yoast-seo-wordpress\/ -->\n<title>Cyclist T-shirt Varese #DYB - Varese Do You Bike<\/title>\n<meta name=\"robots\" content=\"index, follow, max-snippet:-1, max-image-preview:large, max-video-preview:-1\" \/>\n<link rel=\"canonical\" href=\"https:\/\/varesedoyoubike.it\/prodotto\/maglia-ciclista-varese-dyb-2\/\" \/>\n<meta property=\"og:locale\" content=\"en_US\" \/>\n<meta property=\"og:type\" content=\"article\" \/>\n<meta property=\"og:title\" content=\"Cyclist T-shirt Varese #DYB - Varese Do You Bike\" \/>\n<meta property=\"og:description\" content=\"&nbsp; 1\u00b0 STEP- TAKE YOUR MEASUREMENTS Per ottenere un risultato preciso, prendi le tue misure vestito con abiti leggeri e aderenti. CIRCONFERENZA TORACE Si ottiene passando il centimetro a nastro ben accostato al livello ascellare, in modo che abbracci la persona. CIRCONFERENZA VITA Misurare il punto pi\u00f9 stretto della vita (l\u2019angolo che si forma nel [&hellip;]\" \/>\n<meta property=\"og:url\" content=\"https:\/\/varesedoyoubike.it\/prodotto\/maglia-ciclista-varese-dyb-2\/\" \/>\n<meta property=\"og:site_name\" content=\"Varese Do You Bike\" \/>\n<meta property=\"article:publisher\" content=\"https:\/\/www.facebook.com\/varesedoyoubike\" \/>\n<meta property=\"og:image\" content=\"https:\/\/varesedoyoubike.it\/wp-content\/uploads\/Artboard3_ac28749a-ad81-4c79-b3cf-b7243d71517e.webp\" \/>\n\t<meta property=\"og:image:width\" content=\"1080\" \/>\n\t<meta property=\"og:image:height\" content=\"1350\" \/>\n\t<meta property=\"og:image:type\" content=\"image\/webp\" \/>\n<meta name=\"twitter:card\" content=\"summary_large_image\" \/>\n<meta name=\"twitter:label1\" content=\"Est. reading time\" \/>\n\t<meta name=\"twitter:data1\" content=\"1 minute\" \/>\n<script type=\"application\/ld+json\" class=\"yoast-schema-graph\">{\"@context\":\"https:\\\/\\\/schema.org\",\"@graph\":[{\"@type\":\"WebPage\",\"@id\":\"https:\\\/\\\/varesedoyoubike.it\\\/prodotto\\\/maglia-ciclista-varese-dyb-2\\\/\",\"url\":\"https:\\\/\\\/varesedoyoubike.it\\\/prodotto\\\/maglia-ciclista-varese-dyb-2\\\/\",\"name\":\"Cyclist T-shirt Varese #DYB - Varese Do You Bike\",\"isPartOf\":{\"@id\":\"https:\\\/\\\/varesedoyoubike.it\\\/#website\"},\"primaryImageOfPage\":{\"@id\":\"https:\\\/\\\/varesedoyoubike.it\\\/prodotto\\\/maglia-ciclista-varese-dyb-2\\\/#primaryimage\"},\"image\":{\"@id\":\"https:\\\/\\\/varesedoyoubike.it\\\/prodotto\\\/maglia-ciclista-varese-dyb-2\\\/#primaryimage\"},\"thumbnailUrl\":\"https:\\\/\\\/varesedoyoubike.it\\\/wp-content\\\/uploads\\\/Artboard3_ac28749a-ad81-4c79-b3cf-b7243d71517e.webp\",\"datePublished\":\"2023-04-07T13:54:15+00:00\",\"breadcrumb\":{\"@id\":\"https:\\\/\\\/varesedoyoubike.it\\\/prodotto\\\/maglia-ciclista-varese-dyb-2\\\/#breadcrumb\"},\"inLanguage\":\"en-US\",\"potentialAction\":[{\"@type\":\"ReadAction\",\"target\":[\"https:\\\/\\\/varesedoyoubike.it\\\/prodotto\\\/maglia-ciclista-varese-dyb-2\\\/\"]}]},{\"@type\":\"ImageObject\",\"inLanguage\":\"en-US\",\"@id\":\"https:\\\/\\\/varesedoyoubike.it\\\/prodotto\\\/maglia-ciclista-varese-dyb-2\\\/#primaryimage\",\"url\":\"https:\\\/\\\/varesedoyoubike.it\\\/wp-content\\\/uploads\\\/Artboard3_ac28749a-ad81-4c79-b3cf-b7243d71517e.webp\",\"contentUrl\":\"https:\\\/\\\/varesedoyoubike.it\\\/wp-content\\\/uploads\\\/Artboard3_ac28749a-ad81-4c79-b3cf-b7243d71517e.webp\",\"width\":1080,\"height\":1350},{\"@type\":\"BreadcrumbList\",\"@id\":\"https:\\\/\\\/varesedoyoubike.it\\\/prodotto\\\/maglia-ciclista-varese-dyb-2\\\/#breadcrumb\",\"itemListElement\":[{\"@type\":\"ListItem\",\"position\":1,\"name\":\"Home\",\"item\":\"https:\\\/\\\/varesedoyoubike.it\\\/en\\\/homepage\\\/\"},{\"@type\":\"ListItem\",\"position\":2,\"name\":\"Shop\",\"item\":\"https:\\\/\\\/varesedoyoubike.it\\\/?page_id=5387\"},{\"@type\":\"ListItem\",\"position\":3,\"name\":\"Cyclist T-shirt Varese #DYB\"}]},{\"@type\":\"WebSite\",\"@id\":\"https:\\\/\\\/varesedoyoubike.it\\\/#website\",\"url\":\"https:\\\/\\\/varesedoyoubike.it\\\/\",\"name\":\"Varese Do You Bike?\",\"description\":\"Scopri Varese su due ruote\",\"publisher\":{\"@id\":\"https:\\\/\\\/varesedoyoubike.it\\\/#organization\"},\"potentialAction\":[{\"@type\":\"SearchAction\",\"target\":{\"@type\":\"EntryPoint\",\"urlTemplate\":\"https:\\\/\\\/varesedoyoubike.it\\\/?s={search_term_string}\"},\"query-input\":{\"@type\":\"PropertyValueSpecification\",\"valueRequired\":true,\"valueName\":\"search_term_string\"}}],\"inLanguage\":\"en-US\"},{\"@type\":\"Organization\",\"@id\":\"https:\\\/\\\/varesedoyoubike.it\\\/#organization\",\"name\":\"Varese Do You Bike?\",\"url\":\"https:\\\/\\\/varesedoyoubike.it\\\/\",\"logo\":{\"@type\":\"ImageObject\",\"inLanguage\":\"en-US\",\"@id\":\"https:\\\/\\\/varesedoyoubike.it\\\/#\\\/schema\\\/logo\\\/image\\\/\",\"url\":\"https:\\\/\\\/varesedoyoubike.it\\\/wp-content\\\/uploads\\\/VareseDoYouBikeLogo.svg\",\"contentUrl\":\"https:\\\/\\\/varesedoyoubike.it\\\/wp-content\\\/uploads\\\/VareseDoYouBikeLogo.svg\",\"width\":186,\"height\":107,\"caption\":\"Varese Do You Bike?\"},\"image\":{\"@id\":\"https:\\\/\\\/varesedoyoubike.it\\\/#\\\/schema\\\/logo\\\/image\\\/\"},\"sameAs\":[\"https:\\\/\\\/www.facebook.com\\\/varesedoyoubike\",\"https:\\\/\\\/www.instagram.com\\\/varesedoyoubike\\\/\"]}]}<\/script>\n<!-- \/ Yoast SEO plugin. -->","yoast_head_json":{"title":"Cyclist T-shirt Varese #DYB - Varese Do You Bike","robots":{"index":"index","follow":"follow","max-snippet":"max-snippet:-1","max-image-preview":"max-image-preview:large","max-video-preview":"max-video-preview:-1"},"canonical":"https:\/\/varesedoyoubike.it\/prodotto\/maglia-ciclista-varese-dyb-2\/","og_locale":"en_US","og_type":"article","og_title":"Cyclist T-shirt Varese #DYB - Varese Do You Bike","og_description":"&nbsp; 1\u00b0 STEP- TAKE YOUR MEASUREMENTS Per ottenere un risultato preciso, prendi le tue misure vestito con abiti leggeri e aderenti. CIRCONFERENZA TORACE Si ottiene passando il centimetro a nastro ben accostato al livello ascellare, in modo che abbracci la persona. CIRCONFERENZA VITA Misurare il punto pi\u00f9 stretto della vita (l\u2019angolo che si forma nel [&hellip;]","og_url":"https:\/\/varesedoyoubike.it\/prodotto\/maglia-ciclista-varese-dyb-2\/","og_site_name":"Varese Do You Bike","article_publisher":"https:\/\/www.facebook.com\/varesedoyoubike","og_image":[{"width":1080,"height":1350,"url":"https:\/\/varesedoyoubike.it\/wp-content\/uploads\/Artboard3_ac28749a-ad81-4c79-b3cf-b7243d71517e.webp","type":"image\/webp"}],"twitter_card":"summary_large_image","twitter_misc":{"Est. reading time":"1 minute"},"schema":{"@context":"https:\/\/schema.org","@graph":[{"@type":"WebPage","@id":"https:\/\/varesedoyoubike.it\/prodotto\/maglia-ciclista-varese-dyb-2\/","url":"https:\/\/varesedoyoubike.it\/prodotto\/maglia-ciclista-varese-dyb-2\/","name":"Cyclist T-shirt Varese #DYB - Varese Do You Bike","isPartOf":{"@id":"https:\/\/varesedoyoubike.it\/#website"},"primaryImageOfPage":{"@id":"https:\/\/varesedoyoubike.it\/prodotto\/maglia-ciclista-varese-dyb-2\/#primaryimage"},"image":{"@id":"https:\/\/varesedoyoubike.it\/prodotto\/maglia-ciclista-varese-dyb-2\/#primaryimage"},"thumbnailUrl":"https:\/\/varesedoyoubike.it\/wp-content\/uploads\/Artboard3_ac28749a-ad81-4c79-b3cf-b7243d71517e.webp","datePublished":"2023-04-07T13:54:15+00:00","breadcrumb":{"@id":"https:\/\/varesedoyoubike.it\/prodotto\/maglia-ciclista-varese-dyb-2\/#breadcrumb"},"inLanguage":"en-US","potentialAction":[{"@type":"ReadAction","target":["https:\/\/varesedoyoubike.it\/prodotto\/maglia-ciclista-varese-dyb-2\/"]}]},{"@type":"ImageObject","inLanguage":"en-US","@id":"https:\/\/varesedoyoubike.it\/prodotto\/maglia-ciclista-varese-dyb-2\/#primaryimage","url":"https:\/\/varesedoyoubike.it\/wp-content\/uploads\/Artboard3_ac28749a-ad81-4c79-b3cf-b7243d71517e.webp","contentUrl":"https:\/\/varesedoyoubike.it\/wp-content\/uploads\/Artboard3_ac28749a-ad81-4c79-b3cf-b7243d71517e.webp","width":1080,"height":1350},{"@type":"BreadcrumbList","@id":"https:\/\/varesedoyoubike.it\/prodotto\/maglia-ciclista-varese-dyb-2\/#breadcrumb","itemListElement":[{"@type":"ListItem","position":1,"name":"Home","item":"https:\/\/varesedoyoubike.it\/en\/homepage\/"},{"@type":"ListItem","position":2,"name":"Shop","item":"https:\/\/varesedoyoubike.it\/?page_id=5387"},{"@type":"ListItem","position":3,"name":"Cyclist T-shirt Varese #DYB"}]},{"@type":"WebSite","@id":"https:\/\/varesedoyoubike.it\/#website","url":"https:\/\/varesedoyoubike.it\/","name":"Varese Do You Bike?","description":"Scopri Varese su due ruote","publisher":{"@id":"https:\/\/varesedoyoubike.it\/#organization"},"potentialAction":[{"@type":"SearchAction","target":{"@type":"EntryPoint","urlTemplate":"https:\/\/varesedoyoubike.it\/?s={search_term_string}"},"query-input":{"@type":"PropertyValueSpecification","valueRequired":true,"valueName":"search_term_string"}}],"inLanguage":"en-US"},{"@type":"Organization","@id":"https:\/\/varesedoyoubike.it\/#organization","name":"Varese Do You Bike?","url":"https:\/\/varesedoyoubike.it\/","logo":{"@type":"ImageObject","inLanguage":"en-US","@id":"https:\/\/varesedoyoubike.it\/#\/schema\/logo\/image\/","url":"https:\/\/varesedoyoubike.it\/wp-content\/uploads\/VareseDoYouBikeLogo.svg","contentUrl":"https:\/\/varesedoyoubike.it\/wp-content\/uploads\/VareseDoYouBikeLogo.svg","width":186,"height":107,"caption":"Varese Do You Bike?"},"image":{"@id":"https:\/\/varesedoyoubike.it\/#\/schema\/logo\/image\/"},"sameAs":["https:\/\/www.facebook.com\/varesedoyoubike","https:\/\/www.instagram.com\/varesedoyoubike\/"]}]}},"_links":{"self":[{"href":"https:\/\/varesedoyoubike.it\/en\/wp-json\/wp\/v2\/product\/6859","targetHints":{"allow":["GET"]}}],"collection":[{"href":"https:\/\/varesedoyoubike.it\/en\/wp-json\/wp\/v2\/product"}],"about":[{"href":"https:\/\/varesedoyoubike.it\/en\/wp-json\/wp\/v2\/types\/product"}],"wp:featuredmedia":[{"embeddable":true,"href":"https:\/\/varesedoyoubike.it\/en\/wp-json\/wp\/v2\/media\/4865"}],"wp:attachment":[{"href":"https:\/\/varesedoyoubike.it\/en\/wp-json\/wp\/v2\/media?parent=6859"}],"wp:term":[{"taxonomy":"product_brand","embeddable":true,"href":"https:\/\/varesedoyoubike.it\/en\/wp-json\/wp\/v2\/product_brand?post=6859"},{"taxonomy":"product_cat","embeddable":true,"href":"https:\/\/varesedoyoubike.it\/en\/wp-json\/wp\/v2\/product_cat?post=6859"},{"taxonomy":"product_tag","embeddable":true,"href":"https:\/\/varesedoyoubike.it\/en\/wp-json\/wp\/v2\/product_tag?post=6859"}],"curies":[{"name":"wp","href":"https:\/\/api.w.org\/{rel}","templated":true}]}}